{"id":421,"date":"2020-05-28T22:14:58","date_gmt":"2020-05-28T22:14:58","guid":{"rendered":"https:\/\/sayazorescheese.eu\/?page_id=421"},"modified":"2020-05-29T08:25:47","modified_gmt":"2020-05-29T08:25:47","slug":"privacy-policy","status":"publish","type":"page","link":"https:\/\/sayazorescheese.eu\/fr\/privacy-policy\/","title":{"rendered":"Politique de Confidentialit\u00e9"},"content":{"rendered":"<h2 class=\"wp-block-heading\">Qui sommes-nous ?<\/h2>\n\n\n\n<p>L'adresse de notre site web est la suivante : https:\/\/sayazorescheese.eu.<\/p>\n\n\n\n<p>Le site web de SAY AZORES CHEESE s'engage \u00e0 respecter la vie priv\u00e9e des utilisateurs.<\/p>\n\n\n\n<p>La politique de protection des personnes physiques \u00e0 l'\u00e9gard du traitement des donn\u00e9es \u00e0 caract\u00e8re personnel par le site web SSAY AZORES CHEESE est bas\u00e9e sur le R\u00e8glement g\u00e9n\u00e9ral de l'Union europ\u00e9enne sur la protection des donn\u00e9es (RGD). Cette loi a une incidence sur les organisations bas\u00e9es dans l'UE et exige de toute personne ou soci\u00e9t\u00e9 qui exploite un site web\/portail qu'elle affiche une politique de confidentialit\u00e9 bien visible sur son site web\/portail. Cette politique de confidentialit\u00e9 doit indiquer quelles informations sont collect\u00e9es et informer les personnes ou les entreprises avec lesquelles ces informations sont partag\u00e9es.<\/p>\n\n\n\n<p>Le portail SAY AZORES CHEESE a pour but de pr\u00e9senter le projet europ\u00e9en FREE GRAZING DAIRY et d'engager le dialogue avec le public dans la section des nouvelles. Pour ce faire, nous utilisons les donn\u00e9es personnelles enregistr\u00e9es sur les commentaires. Nous attachons une grande importance au traitement minutieux de vos donn\u00e9es.<\/p>\n\n\n\n<p><\/p>\n\n\n\n<h2 class=\"wp-block-heading\">Quelles sont les donn\u00e9es personnelles que nous recueillons et pourquoi nous les recueillons<\/h2>\n\n\n\n<p>Cette politique de confidentialit\u00e9 s'applique \u00e0 toutes les donn\u00e9es personnelles collect\u00e9es dans le cadre des activit\u00e9s de diffusion et de communication du projet EU FREE GRAZING DAIRY.<\/p>\n\n\n\n<p>L'entit\u00e9 responsable du traitement de ces donn\u00e9es est : CONSULAI - Consultoria Agroindustrial, LDA<\/p>\n\n\n\n<p>L'utilisateur doit lire attentivement cette politique de confidentialit\u00e9 et d\u00e9cider librement s'il a l'intention de fournir ses donn\u00e9es personnelles au projet EU FREE GRAZING DAIRY avant de communiquer des donn\u00e9es. L'utilisateur garantit qu'il est majeur et que les donn\u00e9es communiqu\u00e9es sont vraies, exactes, compl\u00e8tes et actuelles, \u00e9tant responsable de toute non-conformit\u00e9. Si les donn\u00e9es communiqu\u00e9es appartiennent \u00e0 un tiers, l'utilisateur garantit qu'il a inform\u00e9 le tiers des conditions pr\u00e9vues dans le pr\u00e9sent document et qu'il a \u00e9t\u00e9 autoris\u00e9 \u00e0 fournir ses donn\u00e9es au projet EU FREE GRAZING DAIRY aux fins indiqu\u00e9es.<\/p>\n\n\n\n<p>Vous pouvez contacter le projet EU FREE GRAZING DAIRY pour toute question relative \u00e0 la pr\u00e9sente politique de confidentialit\u00e9, en passant par les points de contact suivants :<\/p>\n\n\n\n<ul class=\"wp-block-list\"><li>mkt_team@consulai.com<\/li><li>sayazorescheese@gmail.com<\/li><\/ul>\n\n\n\n<p>Les donn\u00e9es personnelles collect\u00e9es par le biais de ce site web sont destin\u00e9es \u00e0 permettre les op\u00e9rations suivantes :<\/p>\n\n\n\n<ul class=\"wp-block-list\"><li>Participation \u00e0 des ateliers ou autres \u00e9v\u00e9nements organis\u00e9s par le projet EU FREE GRAZING DAIRY<\/li><li>Participation aux enqu\u00eates et questionnaires, organis\u00e9s par le projet EU FREE GRAZING DAIRY<\/li><li>Communications sur le EU FREE GRAZING DAIRY telles que les bulletins d'information<\/li><\/ul>\n\n\n\n<p>Le traitement des donn\u00e9es \u00e0 caract\u00e8re personnel est n\u00e9cessaire pour effectuer les op\u00e9rations susmentionn\u00e9es.<\/p>\n\n\n\n<p>Pour avoir un portail pleinement fonctionnel, nous stockons votre :<\/p>\n\n\n\n<ul class=\"wp-block-list\"><li>Nom et pr\u00e9nom<\/li><li>Courriel :<\/li><li>Les r\u00e9seaux sociaux<\/li><\/ul>\n\n\n\n<h3 class=\"wp-block-heading\">Commentaires<\/h3>\n\n\n\n<p>Lorsque les visiteurs\/utilisateurs laissent des commentaires sur le site, nous recueillons les donn\u00e9es indiqu\u00e9es dans le formulaire de commentaires, ainsi que l'adresse IP du visiteur et la cha\u00eene de l'agent utilisateur du navigateur pour faciliter la d\u00e9tection du spam.<\/p>\n\n\n\n<p>Une cha\u00eene anonyme cr\u00e9\u00e9e \u00e0 partir de votre adresse \u00e9lectronique (\u00e9galement appel\u00e9e \"hash\") peut \u00eatre fournie au service Gravatar pour voir si vous l'utilisez. La politique de confidentialit\u00e9 du service Gravatar est disponible \u00e0 l'adresse suivante : https:\/\/automattic.com\/privacy\/. Apr\u00e8s approbation de votre commentaire, votre photo de profil est visible au public dans le contexte de votre commentaire.<\/p>\n\n\n\n<h3 class=\"wp-block-heading\">Cookies<\/h3>\n\n\n\n<p>Si vous laissez un commentaire sur notre site, vous pouvez choisir d'enregistrer votre nom, votre adresse \u00e9lectronique et votre site web dans des cookies. Ces cookies sont destin\u00e9s \u00e0 vous faciliter la t\u00e2che afin que vous n'ayez pas \u00e0 remplir \u00e0 nouveau vos coordonn\u00e9es lorsque vous laissez un autre commentaire. Ces cookies ont une dur\u00e9e de vie d'un an.<\/p>\n\n\n\n<p>Ce portail utilise le service d'analyse web fourni par CONSULAI. Des cookies (petits fichiers texte stock\u00e9s localement sur votre ordinateur) sont utilis\u00e9s pour aider \u00e0 analyser l'utilisation de ce portail. Les informations recueillies, y compris votre adresse IP, seront stock\u00e9es sur des serveurs au Portugal. L'Associa\u00e7\u00e3o Agr\u00edcola de S\u00e3o Miguel et CONSULAI utiliseront ces informations pour g\u00e9n\u00e9rer des rapports sur l'utilisation du portail.  L'Associa\u00e7\u00e3o Agr\u00edcola de S\u00e3o Miguel et CONSULAI ne partageront les informations collect\u00e9es avec des tiers que si la loi l'exige. Votre adresse IP ne sera pas combin\u00e9e avec celle d'autres sites web ou d'autres sources de donn\u00e9es dont disposent l'Associa\u00e7\u00e3o Agr\u00edcola de S\u00e3o Miguel et CONSULAI.<\/p>\n\n\n\n<p><\/p>\n\n\n\n<h2 class=\"wp-block-heading\">Dur\u00e9e de conservation<\/h2>\n\n\n\n<p>Le projet EU FREE GRAZING DAIRY conservera les donn\u00e9es personnelles des utilisateurs pendant la p\u00e9riode n\u00e9cessaire \u00e0 l'accomplissement des objectifs pour lesquels elles ont \u00e9t\u00e9 collect\u00e9es ; Le projet conservera ces donn\u00e9es pendant la p\u00e9riode qui lui est impos\u00e9e par la loi. Le projet EU FREE GRAZING DAIRY peut \u00e9galement conserver les donn\u00e9es au-del\u00e0 de ces p\u00e9riodes \u00e0 des fins statistiques et, \u00e0 cette fin, les rendre anonymes.<\/p>\n\n\n\n<p><\/p>\n\n\n\n<h2 class=\"wp-block-heading\">Quels sont vos droits sur vos donn\u00e9es?<\/h2>\n\n\n\n<p>Si vous avez un compte sur ce site, ou si vous avez laiss\u00e9 des commentaires, vous pouvez demander \u00e0 recevoir un fichier export\u00e9 des donn\u00e9es personnelles que nous d\u00e9tenons \u00e0 votre sujet, y compris les donn\u00e9es que vous nous avez fournies. Vous pouvez \u00e9galement nous demander d'effacer toutes les donn\u00e9es \u00e0 caract\u00e8re personnel que nous d\u00e9tenons \u00e0 votre sujet. Cela n'inclut pas les donn\u00e9es que nous sommes oblig\u00e9s de conserver \u00e0 des fins administratives, juridiques ou de s\u00e9curit\u00e9.<\/p>\n\n\n\n<p>Pour exercer les droits susmentionn\u00e9s, l'utilisateur peut contacter le responsable du traitement des donn\u00e9es aux adresses indiqu\u00e9es ci-dessus dans la pr\u00e9sente politique. L'utilisateur peut \u00e9galement d\u00e9poser une plainte aupr\u00e8s de son Autorit\u00e9 europ\u00e9enne de protection des donn\u00e9es - le site web de l'autorit\u00e9 europ\u00e9enne est&nbsp;<a href=\"https:\/\/edpb.europa.eu\/\">https:\/\/edpb.europa.eu\/<\/a>.<\/p>","protected":false},"excerpt":{"rendered":"<p>Who we are Our website address is: https:\/\/sayazorescheese.eu. The SAY AZORES CHEESE websiite is committed to user privacy. The policy on protection of individuals with regard to the processing of personal data by the SSAY AZORES CHEESE website is based on the European Union General&#8230;<\/p>","protected":false},"author":2,"featured_media":0,"parent":0,"menu_order":0,"comment_status":"closed","ping_status":"closed","template":"","meta":{"footnotes":""},"class_list":["post-421","page","type-page","status-publish","hentry"],"yoast_head":"<!-- This site is optimized with the Yoast SEO plugin v27.6 - https:\/\/yoast.com\/product\/yoast-seo-wordpress\/ -->\n<title>Privacy Policy - Say Azores Cheese<\/title>\n<meta name=\"robots\" content=\"index, follow, max-snippet:-1, max-image-preview:large, max-video-preview:-1\" \/>\n<link rel=\"canonical\" href=\"https:\/\/sayazorescheese.eu\/fr\/privacy-policy\/\" \/>\n<meta property=\"og:locale\" content=\"fr_CA\" \/>\n<meta property=\"og:type\" content=\"article\" \/>\n<meta property=\"og:title\" content=\"Privacy Policy - Say Azores Cheese\" \/>\n<meta property=\"og:description\" content=\"Who we are Our website address is: https:\/\/sayazorescheese.eu. The SAY AZORES CHEESE websiite is committed to user privacy. The policy on protection of individuals with regard to the processing of personal data by the SSAY AZORES CHEESE website is based on the European Union General...\" \/>\n<meta property=\"og:url\" content=\"https:\/\/sayazorescheese.eu\/fr\/privacy-policy\/\" \/>\n<meta property=\"og:site_name\" content=\"Say Azores Cheese\" \/>\n<meta property=\"article:modified_time\" content=\"2020-05-29T08:25:47+00:00\" \/>\n<meta property=\"og:image\" content=\"https:\/\/sayazorescheese.eu\/wp-content\/uploads\/2019\/08\/A012533_AzoresCheese_CONT_EN_Horizontal-Digital-Display_1920x1080_1.jpg\" \/>\n\t<meta property=\"og:image:width\" content=\"1920\" \/>\n\t<meta property=\"og:image:height\" content=\"1080\" \/>\n\t<meta property=\"og:image:type\" content=\"image\/jpeg\" \/>\n<meta name=\"twitter:card\" content=\"summary_large_image\" \/>\n<meta name=\"twitter:label1\" content=\"Estimation du temps de lecture\" \/>\n\t<meta name=\"twitter:data1\" content=\"4 minutes\" \/>\n<script type=\"application\/ld+json\" class=\"yoast-schema-graph\">{\"@context\":\"https:\\\/\\\/schema.org\",\"@graph\":[{\"@type\":\"WebPage\",\"@id\":\"https:\\\/\\\/sayazorescheese.eu\\\/privacy-policy\\\/\",\"url\":\"https:\\\/\\\/sayazorescheese.eu\\\/privacy-policy\\\/\",\"name\":\"Privacy Policy - Say Azores Cheese\",\"isPartOf\":{\"@id\":\"https:\\\/\\\/sayazorescheese.eu\\\/#website\"},\"datePublished\":\"2020-05-28T22:14:58+00:00\",\"dateModified\":\"2020-05-29T08:25:47+00:00\",\"breadcrumb\":{\"@id\":\"https:\\\/\\\/sayazorescheese.eu\\\/privacy-policy\\\/#breadcrumb\"},\"inLanguage\":\"fr-CA\",\"potentialAction\":[{\"@type\":\"ReadAction\",\"target\":[\"https:\\\/\\\/sayazorescheese.eu\\\/privacy-policy\\\/\"]}]},{\"@type\":\"BreadcrumbList\",\"@id\":\"https:\\\/\\\/sayazorescheese.eu\\\/privacy-policy\\\/#breadcrumb\",\"itemListElement\":[{\"@type\":\"ListItem\",\"position\":1,\"name\":\"Home\",\"item\":\"https:\\\/\\\/sayazorescheese.eu\\\/\"},{\"@type\":\"ListItem\",\"position\":2,\"name\":\"Privacy Policy\"}]},{\"@type\":\"WebSite\",\"@id\":\"https:\\\/\\\/sayazorescheese.eu\\\/#website\",\"url\":\"https:\\\/\\\/sayazorescheese.eu\\\/\",\"name\":\"Say Azores Cheese\",\"description\":\"\",\"potentialAction\":[{\"@type\":\"SearchAction\",\"target\":{\"@type\":\"EntryPoint\",\"urlTemplate\":\"https:\\\/\\\/sayazorescheese.eu\\\/?s={search_term_string}\"},\"query-input\":{\"@type\":\"PropertyValueSpecification\",\"valueRequired\":true,\"valueName\":\"search_term_string\"}}],\"inLanguage\":\"fr-CA\"}]}<\/script>\n<!-- \/ Yoast SEO plugin. -->","yoast_head_json":{"title":"Privacy Policy - Say Azores Cheese","robots":{"index":"index","follow":"follow","max-snippet":"max-snippet:-1","max-image-preview":"max-image-preview:large","max-video-preview":"max-video-preview:-1"},"canonical":"https:\/\/sayazorescheese.eu\/fr\/privacy-policy\/","og_locale":"fr_CA","og_type":"article","og_title":"Privacy Policy - Say Azores Cheese","og_description":"Who we are Our website address is: https:\/\/sayazorescheese.eu. The SAY AZORES CHEESE websiite is committed to user privacy. The policy on protection of individuals with regard to the processing of personal data by the SSAY AZORES CHEESE website is based on the European Union General...","og_url":"https:\/\/sayazorescheese.eu\/fr\/privacy-policy\/","og_site_name":"Say Azores Cheese","article_modified_time":"2020-05-29T08:25:47+00:00","og_image":[{"width":1920,"height":1080,"url":"https:\/\/sayazorescheese.eu\/wp-content\/uploads\/2019\/08\/A012533_AzoresCheese_CONT_EN_Horizontal-Digital-Display_1920x1080_1.jpg","type":"image\/jpeg"}],"twitter_card":"summary_large_image","twitter_misc":{"Estimation du temps de lecture":"4 minutes"},"schema":{"@context":"https:\/\/schema.org","@graph":[{"@type":"WebPage","@id":"https:\/\/sayazorescheese.eu\/privacy-policy\/","url":"https:\/\/sayazorescheese.eu\/privacy-policy\/","name":"Privacy Policy - Say Azores Cheese","isPartOf":{"@id":"https:\/\/sayazorescheese.eu\/#website"},"datePublished":"2020-05-28T22:14:58+00:00","dateModified":"2020-05-29T08:25:47+00:00","breadcrumb":{"@id":"https:\/\/sayazorescheese.eu\/privacy-policy\/#breadcrumb"},"inLanguage":"fr-CA","potentialAction":[{"@type":"ReadAction","target":["https:\/\/sayazorescheese.eu\/privacy-policy\/"]}]},{"@type":"BreadcrumbList","@id":"https:\/\/sayazorescheese.eu\/privacy-policy\/#breadcrumb","itemListElement":[{"@type":"ListItem","position":1,"name":"Home","item":"https:\/\/sayazorescheese.eu\/"},{"@type":"ListItem","position":2,"name":"Privacy Policy"}]},{"@type":"WebSite","@id":"https:\/\/sayazorescheese.eu\/#website","url":"https:\/\/sayazorescheese.eu\/","name":"Say Azores Cheese","description":"","potentialAction":[{"@type":"SearchAction","target":{"@type":"EntryPoint","urlTemplate":"https:\/\/sayazorescheese.eu\/?s={search_term_string}"},"query-input":{"@type":"PropertyValueSpecification","valueRequired":true,"valueName":"search_term_string"}}],"inLanguage":"fr-CA"}]}},"_links":{"self":[{"href":"https:\/\/sayazorescheese.eu\/fr\/wp-json\/wp\/v2\/pages\/421","targetHints":{"allow":["GET"]}}],"collection":[{"href":"https:\/\/sayazorescheese.eu\/fr\/wp-json\/wp\/v2\/pages"}],"about":[{"href":"https:\/\/sayazorescheese.eu\/fr\/wp-json\/wp\/v2\/types\/page"}],"author":[{"embeddable":true,"href":"https:\/\/sayazorescheese.eu\/fr\/wp-json\/wp\/v2\/users\/2"}],"replies":[{"embeddable":true,"href":"https:\/\/sayazorescheese.eu\/fr\/wp-json\/wp\/v2\/comments?post=421"}],"version-history":[{"count":4,"href":"https:\/\/sayazorescheese.eu\/fr\/wp-json\/wp\/v2\/pages\/421\/revisions"}],"predecessor-version":[{"id":436,"href":"https:\/\/sayazorescheese.eu\/fr\/wp-json\/wp\/v2\/pages\/421\/revisions\/436"}],"wp:attachment":[{"href":"https:\/\/sayazorescheese.eu\/fr\/wp-json\/wp\/v2\/media?parent=421"}],"curies":[{"name":"wp","href":"https:\/\/api.w.org\/{rel}","templated":true}]}}